{"id":7,"date":"2026-04-06T15:57:13","date_gmt":"2026-04-06T15:57:13","guid":{"rendered":"http:\/\/laballedanslaboite.fr\/?page_id=7"},"modified":"2026-04-07T10:17:31","modified_gmt":"2026-04-07T10:17:31","slug":"accueil","status":"publish","type":"page","link":"https:\/\/laballedanslaboite.fr\/","title":{"rendered":"Accueil"},"content":{"rendered":"\n<h2 class=\"wp-block-heading\">Retrouver de la s\u00e9r\u00e9nit\u00e9 dans le parcours scolaire et quotidien de votre enfant<\/h2>\n\n\n\n<div class=\"wp-block-columns is-layout-flex wp-container-core-columns-is-layout-9d6595d7 wp-block-columns-is-layout-flex\">\n<div class=\"wp-block-column is-layout-flow wp-block-column-is-layout-flow\" style=\"flex-basis:33.33%\">\n<figure class=\"wp-block-image size-full\"><img loading=\"lazy\" decoding=\"async\" width=\"600\" height=\"758\" src=\"https:\/\/laballedanslaboite.fr\/wp-content\/uploads\/2026\/04\/portrait-jonathan-poussin.jpg\" alt=\"Portrait de Jonathan Poussin, coordinateur de parcours sp\u00e9cialis\u00e9\" class=\"wp-image-19\" style=\"aspect-ratio:0.7915477426050856\" srcset=\"https:\/\/laballedanslaboite.fr\/wp-content\/uploads\/2026\/04\/portrait-jonathan-poussin.jpg 600w, https:\/\/laballedanslaboite.fr\/wp-content\/uploads\/2026\/04\/portrait-jonathan-poussin-237x300.jpg 237w\" sizes=\"auto, (max-width: 600px) 100vw, 600px\" \/><\/figure>\n<\/div>\n\n\n\n<div class=\"wp-block-column is-layout-flow wp-block-column-is-layout-flow\" style=\"flex-basis:66.66%\">\n<p>Je suis Jonathan Poussin, \u00e9ducateur sp\u00e9cialis\u00e9 depuis plus de 23 ans.<\/p>\n\n\n\n<p>J\u2019accompagne les enfants, adolescents, jeunes adultes et leurs familles confront\u00e9s \u00e0 des besoins sp\u00e9cifiques (troubles neurod\u00e9veloppementaux, TSA, handicap, difficult\u00e9s scolaires ou d&rsquo;autonomie).<\/p>\n\n\n\n<p>Mon r\u00f4le : vous aider \u00e0 transformer un parcours devenu compliqu\u00e9 ou \u00e9puisant en un chemin plus clair, plus coh\u00e9rent et plus serein.<\/p>\n\n\n\n<p>Je vous accompagne notamment pour :<\/p>\n\n\n\n<ul class=\"wp-block-list\">\n<li>mieux comprendre la situation de votre enfant ;<\/li>\n\n\n\n<li>construire un plan d\u2019action concret ;<\/li>\n\n\n\n<li>faciliter les d\u00e9marches administratives ;<\/li>\n\n\n\n<li>coordonner les \u00e9changes entre famille, \u00e9cole et professionnels ;<\/li>\n\n\n\n<li>soutenir l\u2019autonomie et le quotidien.<\/li>\n<\/ul>\n\n\n\n<p>J\u2019interviens \u00e0 Lyon et Bourg-en-bresse, avec possibilit\u00e9 d\u2019accompagnement \u00e0 distance pour les  services compatibles, partout en France.<\/p>\n<\/div>\n<\/div>\n\n\n\n<div class=\"wp-block-buttons is-content-justification-center is-layout-flex wp-container-core-buttons-is-layout-16018d1d wp-block-buttons-is-layout-flex\">\n<div class=\"wp-block-button\"><a class=\"wp-block-button__link has-background wp-element-button\" href=\"https:\/\/cal.com\/jonathan.poussin\/30min?user=jonathan.poussin&amp;overlayCalendar=true\" style=\"background-color:#de5c4b\" target=\"_blank\" rel=\"noopener\">R\u00e9server un premier \u00e9change gratuit<\/a><\/div>\n<\/div>\n\n\n\n<p><\/p>\n","protected":false},"excerpt":{"rendered":"<p>Retrouver de la s\u00e9r\u00e9nit\u00e9 dans le parcours scolaire et quotidien de votre enfant Je suis Jonathan Poussin, \u00e9ducateur sp\u00e9cialis\u00e9 depuis plus de 23 ans. J\u2019accompagne les enfants, adolescents, jeunes adultes et leurs familles confront\u00e9s \u00e0 des besoins sp\u00e9cifiques (troubles neurod\u00e9veloppementaux, TSA, handicap, difficult\u00e9s scolaires ou d&rsquo;autonomie). Mon r\u00f4le : vous aider \u00e0 transformer un parcours&#8230;<\/p>\n","protected":false},"author":1,"featured_media":0,"parent":0,"menu_order":0,"comment_status":"closed","ping_status":"closed","template":"","meta":{"_kad_post_transparent":"","_kad_post_title":"","_kad_post_layout":"","_kad_post_sidebar_id":"","_kad_post_content_style":"","_kad_post_vertical_padding":"","_kad_post_feature":"","_kad_post_feature_position":"","_kad_post_header":false,"_kad_post_footer":false,"_kad_post_classname":"","footnotes":""},"class_list":["post-7","page","type-page","status-publish","hentry"],"_links":{"self":[{"href":"https:\/\/laballedanslaboite.fr\/index.php\/wp-json\/wp\/v2\/pages\/7","targetHints":{"allow":["GET"]}}],"collection":[{"href":"https:\/\/laballedanslaboite.fr\/index.php\/wp-json\/wp\/v2\/pages"}],"about":[{"href":"https:\/\/laballedanslaboite.fr\/index.php\/wp-json\/wp\/v2\/types\/page"}],"author":[{"embeddable":true,"href":"https:\/\/laballedanslaboite.fr\/index.php\/wp-json\/wp\/v2\/users\/1"}],"replies":[{"embeddable":true,"href":"https:\/\/laballedanslaboite.fr\/index.php\/wp-json\/wp\/v2\/comments?post=7"}],"version-history":[{"count":9,"href":"https:\/\/laballedanslaboite.fr\/index.php\/wp-json\/wp\/v2\/pages\/7\/revisions"}],"predecessor-version":[{"id":92,"href":"https:\/\/laballedanslaboite.fr\/index.php\/wp-json\/wp\/v2\/pages\/7\/revisions\/92"}],"wp:attachment":[{"href":"https:\/\/laballedanslaboite.fr\/index.php\/wp-json\/wp\/v2\/media?parent=7"}],"curies":[{"name":"wp","href":"https:\/\/api.w.org\/{rel}","templated":true}]}}