{"id":9,"date":"2026-04-06T15:57:56","date_gmt":"2026-04-06T15:57:56","guid":{"rendered":"http:\/\/laballedanslaboite.fr\/?page_id=9"},"modified":"2026-04-07T09:44:12","modified_gmt":"2026-04-07T09:44:12","slug":"qui-suis-je","status":"publish","type":"page","link":"https:\/\/laballedanslaboite.fr\/index.php\/qui-suis-je\/","title":{"rendered":"Qui suis-je?"},"content":{"rendered":"<div class=\"wp-block-image\">\n<figure class=\"alignleft size-full is-resized\"><img loading=\"lazy\" decoding=\"async\" width=\"600\" height=\"758\" src=\"https:\/\/laballedanslaboite.fr\/wp-content\/uploads\/2026\/04\/portrait-jonathan-poussin.jpg\" alt=\"Portrait de Jonathan Poussin, coordinateur de parcours sp\u00e9cialis\u00e9\" class=\"wp-image-19\" style=\"aspect-ratio:0.7915693822174544;width:399px;height:auto\" srcset=\"https:\/\/laballedanslaboite.fr\/wp-content\/uploads\/2026\/04\/portrait-jonathan-poussin.jpg 600w, https:\/\/laballedanslaboite.fr\/wp-content\/uploads\/2026\/04\/portrait-jonathan-poussin-237x300.jpg 237w\" sizes=\"auto, (max-width: 600px) 100vw, 600px\" \/><\/figure>\n<\/div>\n\n<h3 class=\"wp-block-post-title\">Qui suis-je?<\/h3>\n\n\n<p>Je m&rsquo;appelle Jonathan Poussin, je suis \u00e9ducateur sp\u00e9cialis\u00e9 dipl\u00f4m\u00e9 depuis plus de 23 ans.<\/p>\n\n\n\n<p>Mon exp\u00e9rience m\u2019a amen\u00e9 \u00e0 accompagner des personnes vivant avec des besoins sp\u00e9cifiques tr\u00e8s divers, notamment dans les domaines du handicap, des troubles neurod\u00e9veloppementaux, de l\u2019autisme et des difficult\u00e9s psychiques.<\/p>\n\n\n\n<h3 class=\"wp-block-heading\">Mon approche<\/h3>\n\n\n\n<p>\u00c0 travers une longue exp\u00e9rience en service de soin et d\u2019aide \u00e0 domicile, j\u2019ai d\u00e9velopp\u00e9 une approche syst\u00e9mique. Je privil\u00e9gie la valorisation des comp\u00e9tences de l\u2019entourage proche \u2013 famille, environnement de proximit\u00e9, \u00e9cole et milieu ordinaire \u2013 plut\u00f4t que de m\u2019y substituer.<\/p>\n\n\n\n<p>Je suis convaincu que les premiers sp\u00e9cialistes de la situation sont les familles. Mon r\u00f4le est de vous aider \u00e0 retrouver des rep\u00e8res, \u00e0 clarifier les priorit\u00e9s et \u00e0 coordonner les diff\u00e9rentes d\u00e9marches.<\/p>\n\n\n\n<h3 class=\"wp-block-heading\">Ce que je peux vous apporter<\/h3>\n\n\n\n<p>Je propose un accompagnement sur mesure, selon vos besoins :<\/p>\n\n\n\n<ul class=\"wp-block-list\">\n<li>\u00e9coute et \u00e9laboration d\u2019un plan d\u2019action ;<\/li>\n\n\n\n<li>aide aux d\u00e9marches administratives, notamment aupr\u00e8s de la MDPH ;<\/li>\n\n\n\n<li>coordination avec l\u2019\u00e9cole et les professionnels ;<\/li>\n\n\n\n<li>soutien \u00e9ducatif et d\u00e9veloppement de l\u2019autonomie ;<\/li>\n\n\n\n<li>soutien des parents et de la fratrie ;<\/li>\n\n\n\n<li>r\u00e9daction de bilans et \u00e9crits de suivi.<\/li>\n<\/ul>\n\n\n\n<div class=\"wp-block-buttons is-content-justification-center is-layout-flex wp-container-core-buttons-is-layout-16018d1d wp-block-buttons-is-layout-flex\">\n<div class=\"wp-block-button\"><a class=\"wp-block-button__link has-background wp-element-button\" href=\"https:\/\/cal.com\/jonathan.poussin\/30min?user=jonathan.poussin&amp;overlayCalendar=true&amp;date=2026-04-07\" style=\"background-color:#de5c4b\" target=\"_blank\" rel=\"noopener\">R\u00e9server un premier \u00e9change gratuit<\/a><\/div>\n<\/div>\n\n\n\n<p><\/p>\n","protected":false},"excerpt":{"rendered":"<p>Je m&rsquo;appelle Jonathan Poussin, je suis \u00e9ducateur sp\u00e9cialis\u00e9 dipl\u00f4m\u00e9 depuis plus de 23 ans. Mon exp\u00e9rience m\u2019a amen\u00e9 \u00e0 accompagner des personnes vivant avec des besoins sp\u00e9cifiques tr\u00e8s divers, notamment dans les domaines du handicap, des troubles neurod\u00e9veloppementaux, de l\u2019autisme et des difficult\u00e9s psychiques. Mon approche \u00c0 travers une longue exp\u00e9rience en service de soin&#8230;<\/p>\n","protected":false},"author":1,"featured_media":0,"parent":0,"menu_order":0,"comment_status":"closed","ping_status":"closed","template":"","meta":{"_kad_post_transparent":"","_kad_post_title":"","_kad_post_layout":"","_kad_post_sidebar_id":"","_kad_post_content_style":"","_kad_post_vertical_padding":"","_kad_post_feature":"","_kad_post_feature_position":"","_kad_post_header":false,"_kad_post_footer":false,"_kad_post_classname":"","footnotes":""},"class_list":["post-9","page","type-page","status-publish","hentry"],"_links":{"self":[{"href":"https:\/\/laballedanslaboite.fr\/index.php\/wp-json\/wp\/v2\/pages\/9","targetHints":{"allow":["GET"]}}],"collection":[{"href":"https:\/\/laballedanslaboite.fr\/index.php\/wp-json\/wp\/v2\/pages"}],"about":[{"href":"https:\/\/laballedanslaboite.fr\/index.php\/wp-json\/wp\/v2\/types\/page"}],"author":[{"embeddable":true,"href":"https:\/\/laballedanslaboite.fr\/index.php\/wp-json\/wp\/v2\/users\/1"}],"replies":[{"embeddable":true,"href":"https:\/\/laballedanslaboite.fr\/index.php\/wp-json\/wp\/v2\/comments?post=9"}],"version-history":[{"count":5,"href":"https:\/\/laballedanslaboite.fr\/index.php\/wp-json\/wp\/v2\/pages\/9\/revisions"}],"predecessor-version":[{"id":45,"href":"https:\/\/laballedanslaboite.fr\/index.php\/wp-json\/wp\/v2\/pages\/9\/revisions\/45"}],"wp:attachment":[{"href":"https:\/\/laballedanslaboite.fr\/index.php\/wp-json\/wp\/v2\/media?parent=9"}],"curies":[{"name":"wp","href":"https:\/\/api.w.org\/{rel}","templated":true}]}}